{"id":568,"date":"2015-10-22T07:20:43","date_gmt":"2015-10-22T07:20:43","guid":{"rendered":"http:\/\/plethorathemes.com\/healthx\/?page_id=568"},"modified":"2023-08-08T08:45:03","modified_gmt":"2023-08-08T08:45:03","slug":"leistungen","status":"publish","type":"page","link":"https:\/\/www.drstefanieschneider.at\/index.php\/leistungen\/","title":{"rendered":"Leistungen"},"content":{"rendered":"<p>[vc_row][vc_column][vc_column_text]<strong>Folgende Untersuchungen und Behandlungen werden in unserer Ordination angeboten:<\/strong><\/p>\n<p>&nbsp;<\/p>\n<ul>\n<li><strong>Hausapotheke<br \/>\n<\/strong>Ich kann sie vor Ort sofort mit den notwendigen Medikamenten versorgen<\/li>\n<li><strong>Dauermedikamente<\/strong><br \/>\nk\u00f6nnen Sie gerne vorab per Mail bestellen<\/li>\n<li><strong>Akutlabor<\/strong><br \/>\n<span class=\"s2\">Blutbild, Entz\u00fcndungsdiagnostik, Ausschluss von akutem Herzinfarkt\/ Thrombose\/Lungeninfarkt, INR\/Gerinnungskontrolle, Blutzucker<\/span><\/li>\n<li><strong>Laboruntersuchungen<\/strong><br \/>\n<span class=\"s2\">Blut- und Stuhlproben &#8211; werden an unser Vertragslabor bzw das Krankenhauslabor versendet \u2013 Mo, Mi, Do, Fr \/ Harnanalyse erfolgt in unserer Ordination<\/span><\/li>\n<li><strong>Infusionstherapien<\/strong><br \/>\n(Schmerztherapie, akute Infektbehandlungen, Vitamin-Infusionen)<\/li>\n<li><strong>Vorsorgeuntersuchung<br \/>\n<\/strong><span class=\"s2\">ab dem 18. Geburtstag ist die \u201eGesundenuntersuchung\u201c inkl. Labor und Harnanalyse 1x\/ Jahr kostenlos<\/span><\/li>\n<li><strong>Mutter- Kind-Pass<\/strong><br \/>\n<span class=\"s2\">alle Muki- Pass Untersuchungen ab dem 1. Geburtstag k\u00f6nnen bei uns durchgef\u00fchrt werden<\/span><span class=\"s3\"><span class=\"Apple-converted-space\">\u00a0<\/span><\/span><\/li>\n<li><strong>Interne Untersuchung<\/strong> in der Schwangerschaft<\/li>\n<li><strong>Diabetes Therapie Aktiv Programm<\/strong><br \/>\n<span class=\"s2\">f\u00fcr Diabetes Typ 2 Patient\/innen &#8211; 1x \/ Quartal mit Labor und individueller Therapiebesprechung<\/span><\/li>\n<li><strong>Akupunktur<\/strong> (bei bestimmten Indikationen &#8211; zB. Beschwerden des Bewegungsapparates, Migr\u00e4ne, Kopfschmerzen &#8211; wird die Akupunktur von der \u00d6GK bzw. SVS\/BVAEB sowie den Krankenf\u00fcrsorge- Kassen g\u00e4nzlich oder teilweise \u00fcbernommen)<\/li>\n<li><strong>Physikalische Therapien<\/strong><br \/>\nStrom-, Mikrowellen-, Ultraschalltherapien<\/li>\n<li><strong>Wundversorgungen<\/strong> von chronischen Wunden<\/li>\n<li><strong>Akute Wundversorgung<\/strong> &#8211; je nach Ausma\u00df der Verletzung<\/li>\n<li><strong>Hausbesuche<\/strong> bei entsprechender Dringlichkeit<\/li>\n<li><strong>Palliativmedizinische<\/strong> und Geriatrische Betreuung<\/li>\n<li><strong>EKG<\/strong><\/li>\n<li><strong>Blutdruckmessungen<br \/>\n<\/strong><\/li>\n<li class=\"li1\"><span class=\"s2\"><b>Langzeit- Blutdruckmessung <\/b>(in K\u00fcrze)<\/span><\/li>\n<li><strong>Desensibilisierungstherapien<\/strong> nach Erstverordnung durch den Facharzt\/die Fach\u00e4rztin (HNO, Derma, Lunge)<\/li>\n<li><strong>Impfungen<\/strong> (Erwachsene, Kinder, Reiseimpfungen)<\/li>\n<\/ul>\n<p>[\/vc_column_text][\/vc_column][\/vc_row]<\/p>\n","protected":false},"excerpt":{"rendered":"<p>[vc_row][vc_column][vc_column_text]Folgende Untersuchungen und Behandlungen werden in unserer Ordination angeboten: &nbsp; Hausapotheke Ich kann sie vor Ort sofort mit den notwendigen Medikamenten versorgen Dauermedikamente k\u00f6nnen Sie gerne vorab per Mail bestellen Akutlabor Blutbild, Entz\u00fcndungsdiagnostik, Ausschluss von akutem Herzinfarkt\/ Thrombose\/Lungeninfarkt, INR\/Gerinnungskontrolle, Blutzucker Laboruntersuchungen Blut- und Stuhlproben &#8211; werden an unser Vertragslabor bzw das Krankenhauslabor versendet \u2013 Mo, [&hellip;]<\/p>\n","protected":false},"author":1,"featured_media":2268,"parent":0,"menu_order":0,"comment_status":"closed","ping_status":"closed","template":"","meta":{"advgb_blocks_editor_width":"","advgb_blocks_columns_visual_guide":"","footnotes":""},"class_list":["post-568","page","type-page","status-publish","has-post-thumbnail","hentry"],"coauthors":[],"author_meta":{"author_link":"https:\/\/www.drstefanieschneider.at\/index.php\/author\/max\/","display_name":"admin"},"relative_dates":{"created":"Posted 11\u00a0Jahren ago","modified":"Updated 3\u00a0Jahren ago"},"absolute_dates":{"created":"Posted on 22. Oktober 2015","modified":"Updated on 8. August 2023"},"absolute_dates_time":{"created":"Posted on 22. Oktober 2015 7:20 a.m.","modified":"Updated on 8. August 2023 8:45 a.m."},"featured_img_caption":"","featured_img":"https:\/\/www.drstefanieschneider.at\/wp-content\/uploads\/2023\/05\/behandlung_1.png","series_order":"","_links":{"self":[{"href":"https:\/\/www.drstefanieschneider.at\/index.php\/wp-json\/wp\/v2\/pages\/568","targetHints":{"allow":["GET"]}}],"collection":[{"href":"https:\/\/www.drstefanieschneider.at\/index.php\/wp-json\/wp\/v2\/pages"}],"about":[{"href":"https:\/\/www.drstefanieschneider.at\/index.php\/wp-json\/wp\/v2\/types\/page"}],"author":[{"embeddable":true,"href":"https:\/\/www.drstefanieschneider.at\/index.php\/wp-json\/wp\/v2\/users\/1"}],"replies":[{"embeddable":true,"href":"https:\/\/www.drstefanieschneider.at\/index.php\/wp-json\/wp\/v2\/comments?post=568"}],"version-history":[{"count":1,"href":"https:\/\/www.drstefanieschneider.at\/index.php\/wp-json\/wp\/v2\/pages\/568\/revisions"}],"predecessor-version":[{"id":2401,"href":"https:\/\/www.drstefanieschneider.at\/index.php\/wp-json\/wp\/v2\/pages\/568\/revisions\/2401"}],"wp:featuredmedia":[{"embeddable":true,"href":"https:\/\/www.drstefanieschneider.at\/index.php\/wp-json\/wp\/v2\/media\/2268"}],"wp:attachment":[{"href":"https:\/\/www.drstefanieschneider.at\/index.php\/wp-json\/wp\/v2\/media?parent=568"}],"curies":[{"name":"wp","href":"https:\/\/api.w.org\/{rel}","templated":true}]}}